{"id":3544,"date":"2023-08-22T23:39:17","date_gmt":"2023-08-22T21:39:17","guid":{"rendered":"https:\/\/www.tattooformentera.com\/datenschutzerklaerung\/"},"modified":"2025-02-05T22:47:39","modified_gmt":"2025-02-05T21:47:39","slug":"politica-de-privacidad","status":"publish","type":"page","link":"https:\/\/www.tattooformentera.com\/es\/politica-de-privacidad\/","title":{"rendered":"Pol\u00edtica de Privacidad"},"content":{"rendered":"\r\n<h2 class=\"wp-block-heading\">A) Informaci\u00f3n sobre la recogida de datos personales y datos de contacto del responsable del tratamiento<\/h2>\r\n<p><strong>1.1<\/strong> Nos complace que visite nuestro sitio web y le agradecemos su inter\u00e9s. A continuaci\u00f3n, le informaremos sobre c\u00f3mo tratamos sus datos personales cuando utiliza nuestro sitio web. Los datos personales son todos aquellos con los que se le puede identificar personalmente.<\/p>\r\n<p><strong>1.2<\/strong> El responsable del tratamiento de datos en este sitio web, en el sentido del Reglamento General de Protecci\u00f3n de Datos (RGPD), es Christian Wolf, 07871 Es Pujols, Carrer De S&#8217;Espalmador, 5, Espa\u00f1a, Tel\u00e9fono: +34 604 190 540, Mail: <a href=\"mailto:ibiza@tattoolounges.de\">ibiza@tattoolounges.de<\/a>. El responsable del tratamiento de datos personales es la persona f\u00edsica o jur\u00eddica que, sola o conjuntamente con otras, determina los fines y medios del tratamiento de datos personales.<\/p>\r\n<p><strong>1.3 <\/strong>El responsable del tratamiento no ha designado un delegado de protecci\u00f3n de datos para este sitio web.<\/p>\r\n<p><strong>1.4<\/strong> Este sitio web utiliza cifrado SSL o TLS por motivos de seguridad y para proteger la transmisi\u00f3n de datos personales y otros contenidos confidenciales (por ejemplo, pedidos o consultas al responsable del tratamiento). Puede reconocer una conexi\u00f3n cifrada por la cadena de caracteres \u00abhttps:\/\/\u00bb y el s\u00edmbolo del candado en la l\u00ednea de su navegador.<\/p>\r\n<h2 class=\"wp-block-heading\">B) Recogida de datos al visitar nuestro sitio web<\/h2>\r\n<p>Cuando utiliza nuestro sitio web \u00fanicamente con fines informativos, es decir, si no se registra ni nos facilita informaci\u00f3n de otro tipo, s\u00f3lo recopilamos los datos que su navegador transmite a nuestro servidor (los denominados \u00abarchivos de registro del servidor\u00bb). Cuando visita nuestro sitio web, recopilamos los siguientes datos, que son t\u00e9cnicamente necesarios para mostrarle el sitio web:<\/p>\r\n<ul>\r\n<li>Sitio web visitado<\/li>\r\n<li>Fecha y hora en el momento del acceso<\/li>\r\n<li>Cantidad de datos enviados en bytes<\/li>\r\n<li>Fuente\/referencia desde la que lleg\u00f3 a la p\u00e1gina<\/li>\r\n<li>Navegador utilizado<\/li>\r\n<li>Sistema operativo utilizado<\/li>\r\n<li>Direcci\u00f3n IP utilizada (si procede: de forma anonimizada)<\/li>\r\n<\/ul>\r\n<p>El tratamiento se lleva a cabo de conformidad con el Art. 6 p\u00e1rrafo 1 lit. f GDPR sobre la base de nuestro inter\u00e9s leg\u00edtimo en mejorar la estabilidad y funcionalidad de nuestro sitio web. Los datos no se transmiten ni se utilizan de ninguna otra forma. No obstante, nos reservamos el derecho a comprobar retrospectivamente los archivos de registro del servidor si existen indicios concretos de uso ilegal.<\/p>\r\n<h2 class=\"wp-block-heading\">C) Cookies<\/h2>\r\n<p>Para hacer m\u00e1s atractiva la visita a nuestro sitio web y permitir el uso de determinadas funciones, utilizamos las denominadas cookies en varias p\u00e1ginas. Se trata de peque\u00f1os archivos de texto que se almacenan en su dispositivo final. Algunas de las cookies que utilizamos se eliminan de nuevo al final de la sesi\u00f3n del navegador, es decir, despu\u00e9s de cerrar el navegador (las denominadas cookies de sesi\u00f3n). Otras cookies permanecen en su dispositivo final y nos permiten a nosotros o a nuestras empresas asociadas (cookies de terceros) reconocer su navegador en su pr\u00f3xima visita (cookies persistentes). Si se instalan cookies, recopilan y procesan determinada informaci\u00f3n del usuario, como los datos del navegador y de localizaci\u00f3n, as\u00ed como los valores de la direcci\u00f3n IP de forma individualizada. Las cookies persistentes se eliminan autom\u00e1ticamente despu\u00e9s de un per\u00edodo determinado, que puede variar en funci\u00f3n de la cookie.<\/p>\r\n<p>Si los datos personales tambi\u00e9n son procesados por cookies individuales implementadas por nosotros, el procesamiento se lleva a cabo de conformidad con el Art. 6 p\u00e1rrafo 1 lit. f GDPR para proteger nuestros intereses leg\u00edtimos en la mejor funcionalidad posible del sitio web y un dise\u00f1o amigable y eficaz de la visita a la p\u00e1gina.<\/p>\r\n<p>Podemos colaborar con socios publicitarios que nos ayudan a hacer que nuestro sitio web sea m\u00e1s interesante para usted. Con este fin, las cookies de las empresas asociadas tambi\u00e9n se almacenan en su disco duro cuando visita nuestro sitio web (cookies de terceros). Si colaboramos con los socios publicitarios mencionados, se le informar\u00e1 individualmente y por separado sobre el uso de dichas cookies y el alcance de la informaci\u00f3n recopilada en cada caso en los p\u00e1rrafos siguientes.<\/p>\r\n<p>Tenga en cuenta que puede configurar su navegador de modo que se le informe sobre la instalaci\u00f3n de cookies y pueda decidir individualmente si las acepta o si excluye la aceptaci\u00f3n de cookies para determinados casos o en general. Cada navegador difiere en la forma en que gestiona la configuraci\u00f3n de las cookies. Esto se describe en el men\u00fa de ayuda de cada navegador, que explica c\u00f3mo puede cambiar la configuraci\u00f3n de las cookies. Puede encontrarlos para los respectivos navegadores en los siguientes enlaces:<\/p>\r\n<ul>\r\n<li>Internet Explorer: https:\/\/support.microsoft.com\/de-de\/help\/17442\/windowsinternet-explorer-delete-manage-cookies<\/li>\r\n<li>Firefox: https:\/\/support.mozilla.org\/de\/kb\/cookies-erlauben-und-ablehnen<\/li>\r\n<li>Chrome: https:\/\/support.google.com\/chrome\/answer\/95647?hl=de&amp;hlrm=en<\/li>\r\n<li>Safari: https:\/\/support.apple.com\/kb\/ph21411?locale=de_DE<\/li>\r\n<li>Opera: http:\/\/help.opera.com\/Windows\/10.20\/de\/cookies.html<\/li>\r\n<\/ul>\r\n<p>Tenga en cuenta que si no acepta las cookies, la funcionalidad de nuestro sitio web puede verse limitada.<\/p>\r\n<h2 class=\"wp-block-heading\">D) Toma de contacto<\/h2>\r\n<p>Los datos personales se recopilan cuando usted se pone en contacto con nosotros (por ejemplo, a trav\u00e9s de un formulario de contacto o por correo electr\u00f3nico). Los datos que se recogen en el caso de un formulario de contacto pueden verse en el formulario de contacto correspondiente. Estos datos se almacenan y utilizan exclusivamente con el fin de responder a su consulta o para ponernos en contacto con usted y la administraci\u00f3n t\u00e9cnica asociada. La base jur\u00eddica para el tratamiento de los datos es nuestro inter\u00e9s leg\u00edtimo en responder a su solicitud de conformidad con el art\u00edculo 6, apartado 1, letra f) del RGPD. Si su contacto tiene por objeto la celebraci\u00f3n de un contrato, la base jur\u00eddica adicional para el tratamiento es el art\u00edculo 6, apartado 1, letra b) del RGPD. Sus datos se suprimir\u00e1n una vez finalizado el tratamiento de su consulta; este es el caso si de las circunstancias se deduce que el asunto en cuesti\u00f3n se ha aclarado de forma concluyente y siempre que no existan obligaciones legales de conservaci\u00f3n que establezcan lo contrario.<\/p>\r\n<h2 class=\"wp-block-heading\">E) Funci\u00f3n de comentarios<\/h2>\r\n<p>Como parte de la funci\u00f3n de comentarios en este sitio web, adem\u00e1s de su comentario, se guardar\u00e1n y publicar\u00e1n en el sitio web los detalles de cu\u00e1ndo se cre\u00f3 el comentario y el nombre del comentarista que ha elegido. Tambi\u00e9n se registrar\u00e1 y almacenar\u00e1 su direcci\u00f3n IP. La direcci\u00f3n IP se almacena por motivos de seguridad y en caso de que la persona en cuesti\u00f3n viole los derechos de terceros al publicar un comentario o publique contenidos ilegales. Necesitamos su direcci\u00f3n de correo electr\u00f3nico para ponernos en contacto con usted en caso de que un tercero se oponga a su contenido publicado por considerarlo il\u00edcito. La base jur\u00eddica para el almacenamiento de sus datos es el art\u00edculo 6, apartado 1, letra b y f del GDPR. Nos reservamos el derecho a eliminar comentarios si terceros los consideran il\u00edcitos.<\/p>\r\n<h2 class=\"wp-block-heading\">F) Servicios de an\u00e1lisis web<\/h2>\r\n<p>Google <strong>(Universal) Analytics<\/strong> &#8211; Google Analytics<\/p>\r\n<p>Este sitio web utiliza Google Analytics, un servicio anal\u00edtico de web prestado por Google LLC, 1600 Amphitheatre Parkway, Mountain View, CA 94043, EE.UU. (\u00abGoogle\u00bb). Google Analytics utiliza \u00abcookies\u00bb, que son archivos de texto ubicados en su ordenador, para ayudar al website a analizar el uso que hacen los usuarios del sitio web. La informaci\u00f3n que genera la cookie acerca de su uso de este sitio web (incluyendo la direcci\u00f3n IP acortada) se transfiere generalmente a un servidor de Google en los EE.UU. y se almacena all\u00ed.<\/p>\r\n<p>Este sitio web utiliza Google Analytics exclusivamente con la extensi\u00f3n \u00ab_anonymizeIp()\u00bb, que garantiza la anonimizaci\u00f3n de la direcci\u00f3n IP acort\u00e1ndola y excluye la referencia personal directa. Esta extensi\u00f3n significa que su direcci\u00f3n IP ser\u00e1 truncada por Google dentro de los estados miembros de la Uni\u00f3n Europea o en otros estados signatarios del Acuerdo sobre el Espacio Econ\u00f3mico Europeo. S\u00f3lo en casos excepcionales se transmitir\u00e1 la direcci\u00f3n IP completa a un servidor de Google en los EE.UU. y se truncar\u00e1 all\u00ed. En estos casos excepcionales, este procesamiento se lleva a cabo de conformidad con el Art. 6 p\u00e1rrafo 1 lit. f GDPR sobre la base de nuestro inter\u00e9s leg\u00edtimo en el an\u00e1lisis estad\u00edstico del comportamiento del usuario con fines de optimizaci\u00f3n y marketing.<\/p>\r\n<p>Google usar\u00e1 esta informaci\u00f3n por cuenta nuestra con el prop\u00f3sito de seguir la pista de su uso del website, recopilando informes de la actividad del website y prestando otros servicios relacionados con la actividad del website y el uso de Internet. La direcci\u00f3n IP transmitida por su navegador como parte de Google Analytics no se fusionar\u00e1 con otros datos de Google.<\/p>\r\n<p>Usted puede rechazar el uso de cookies, mediante la selecci\u00f3n de la configuraci\u00f3n apropiada de su navegador, sin embargo, tenga en cuenta que si lo hace es posible que no pueda utilizar todas las funciones de este sitio web. <br \/>Tambi\u00e9n puede evitar que Google recopile los datos generados por la cookie y relacionados con su uso del sitio web (incluida su direcci\u00f3n IP) y que Google procese estos datos descargando e instalando el complemento del navegador disponible en el siguiente enlace: http:\/\/tools.google.com\/dlpage\/gaoptout?hl=de.<\/p>\r\n<p>Como alternativa al plugin del navegador o dentro de los navegadores en dispositivos m\u00f3viles, haga clic en el siguiente enlace para establecer una cookie de inhabilitaci\u00f3n que impedir\u00e1 que Google Analytics recopile datos dentro de este sitio web en el futuro (esta cookie de inhabilitaci\u00f3n s\u00f3lo funciona en este navegador y s\u00f3lo para este dominio; si elimina sus cookies en este navegador, deber\u00e1 hacer clic de nuevo en este enlace):<\/p>\r\n<p>D<strong>esactivar Google Analytics<\/strong> Google LLC, con sede en EE.UU., est\u00e1 certificada para el acuerdo de protecci\u00f3n de datos entre EE.UU. y Europa \u00abPrivacy Shield\u00bb, que garantiza el cumplimiento del nivel de protecci\u00f3n de datos aplicable en la UE.<\/p>\r\n<p>Puede encontrar m\u00e1s informaci\u00f3n sobre c\u00f3mo Google Analytics trata los datos de los usuarios en la pol\u00edtica de privacidad de Google: https:\/\/support.google.com\/analytics\/answer\/6004245?hl=de.<\/p>\r\n<h2 class=\"wp-block-heading\">G) Herramientas y varios<\/h2>\r\n<p>7<strong>.1 Google<\/strong>M<strong>aps<\/strong> En nuestro sitio web utilizamos Google Maps (API) de Google LLC, 1600 Amphitheatre Parkway, Mountain View, CA 94043, EE.UU. (\u00abGoogle\u00bb). Google Maps es un servicio web para mostrar mapas interactivos (terrestres) con el fin de visualizar informaci\u00f3n geogr\u00e1fica. Al utilizar este servicio, se le muestra nuestra ubicaci\u00f3n y le resulta m\u00e1s f\u00e1cil encontrarnos.<\/p>\r\n<p>La informaci\u00f3n sobre su uso de nuestro sitio web (como su direcci\u00f3n IP) se transmite a los servidores de Google en EE.UU. y se almacena all\u00ed en cuanto accede a las subp\u00e1ginas en las que est\u00e1 integrado el mapa de Google Maps. Esto tiene lugar independientemente de si Google proporciona una cuenta de usuario a trav\u00e9s de la cual usted ha iniciado sesi\u00f3n o si no existe ninguna cuenta de usuario. Si ha iniciado sesi\u00f3n en Google, sus datos se asignar\u00e1n directamente a su cuenta. Si no desea que sus datos se asocien a su perfil de Google, debe cerrar la sesi\u00f3n antes de activar el bot\u00f3n. Google almacena sus datos (incluso en el caso de usuarios que no hayan iniciado sesi\u00f3n) como perfiles de uso y los analiza. Dicha evaluaci\u00f3n se lleva a cabo, en particular, de conformidad con el art. 6, apdo. 1, letra f del RGPD, sobre la base de los intereses leg\u00edtimos de Google en el despliegue de publicidad personalizada, estudios de mercado y\/o el dise\u00f1o de su sitio web en funci\u00f3n de las necesidades. Usted tiene derecho a oponerse a la creaci\u00f3n de estos perfiles de usuario, para lo cual deber\u00e1 dirigirse a Google.<\/p>\r\n<p>Google LLC, con sede en EE.UU., est\u00e1 certificada para el acuerdo de protecci\u00f3n de datos entre EE.UU. y Europa \u00abPrivacy Shield\u00bb, que garantiza el cumplimiento del nivel de protecci\u00f3n de datos aplicable en la UE.<\/p>\r\n<p>Si no est\u00e1 de acuerdo con la futura transmisi\u00f3n de sus datos a Google al utilizar Google Maps, tambi\u00e9n tiene la opci\u00f3n de desactivar completamente el servicio web de Google Maps desconectando la aplicaci\u00f3n JavaScript de su navegador. De este modo, no podr\u00e1 utilizar Google Maps y, por tanto, tampoco la visualizaci\u00f3n de mapas de este sitio web.<\/p>\r\n<p>Puede consultar las condiciones de uso de Google en http:\/\/www.google.de\/intl\/de\/policies\/terms\/regional.html, las condiciones de uso adicionales de Google Maps se encuentran en https:\/\/www.google.com\/intl\/de_US\/help\/terms_maps.html. Encontrar\u00e1 informaci\u00f3n detallada sobre la protecci\u00f3n de datos en relaci\u00f3n con el uso de Google Maps en el sitio web de Google (\u00abPol\u00edtica de privacidad de Google\u00bb): http:\/\/www.google.de\/intl\/de\/policies\/privacy\/.<\/p>\r\n<p>7<strong>.2 Fuentes web de Google<\/strong> Este sitio utiliza las denominadas fuentes web proporcionadas por Google LLC, 1600 Amphitheatre Parkway, Mountain View, CA 94043, EE.UU. (\u00abGoogle\u00bb) para la visualizaci\u00f3n estandarizada de fuentes. Cuando accede a una p\u00e1gina, su navegador carga las fuentes web necesarias en la memoria cach\u00e9 de su navegador para poder mostrar los textos y las fuentes correctamente.<\/p>\r\n<p>Para ello, el navegador que est\u00e1 utilizando debe conectarse a los servidores de Google. Esto informa a Google de que se ha accedido a nuestro sitio web a trav\u00e9s de su direcci\u00f3n IP. El uso de Google Web Fonts es en inter\u00e9s de una presentaci\u00f3n uniforme y atractiva de nuestras ofertas en l\u00ednea. Esto constituye un inter\u00e9s leg\u00edtimo en el sentido del Art. 6 p\u00e1rrafo 1 lit. f GDPR. Si su navegador no admite fuentes web, su ordenador utilizar\u00e1 una fuente est\u00e1ndar.<\/p>\r\n<p>Google LLC, con sede en EE.UU., est\u00e1 certificada para el acuerdo de protecci\u00f3n de datos entre EE.UU. y Europa \u00abPrivacy Shield\u00bb, que garantiza el cumplimiento del nivel de protecci\u00f3n de datos aplicable en la UE.<\/p>\r\n<p>Encontrar\u00e1 m\u00e1s informaci\u00f3n sobre Google Web Fonts en https:\/\/developers.google.com\/fonts\/faq y en la pol\u00edtica de privacidad de Google: https:\/\/www.google.com\/policies\/privacy\/.<\/p>\r\n<h2 class=\"wp-block-heading\">H) Derechos del interesado<\/h2>\r\n<p>8<strong>.1<\/strong> La legislaci\u00f3n aplicable en materia de protecci\u00f3n de datos le otorga amplios derechos (derechos de acceso e intervenci\u00f3n) frente al responsable del tratamiento en relaci\u00f3n con el tratamiento de sus datos personales, sobre los que le informamos a continuaci\u00f3n:<\/p>\r\n<ul>\r\n<li>Derecho a la informaci\u00f3n de conformidad con el Art. 15 GDPR: En particular, tiene derecho a la informaci\u00f3n sobre sus datos personales procesados por nosotros, los fines del procesamiento, las categor\u00edas de datos personales procesados, los destinatarios o categor\u00edas de destinatarios a los que se han revelado o se revelar\u00e1n sus datos, el per\u00edodo de almacenamiento previsto o los criterios para determinar el periodo de almacenamiento, la existencia de un derecho de rectificaci\u00f3n, supresi\u00f3n, limitaci\u00f3n del tratamiento, oposici\u00f3n al tratamiento, reclamaci\u00f3n ante una autoridad de control, el origen de sus datos si no los hemos recogido nosotros, la existencia de una toma de decisiones automatizada, incluida la elaboraci\u00f3n de perfiles y, si procede, informaci\u00f3n significativa sobre la l\u00f3gica implicada y el alcance y los efectos previstos de dicho tratamiento sobre usted, as\u00ed como su derecho a ser informado de las garant\u00edas de conformidad con el art\u00edculo 46 del RGPD si sus datos se transfieren a terceros pa\u00edses;<\/li>\r\n<li>Derecho de rectificaci\u00f3n de conformidad con el art\u00edculo 16 del RGPD: Tiene derecho a obtener sin demora indebida la rectificaci\u00f3n de los datos inexactos que le conciernan y\/o a completar los datos incompletos almacenados por nosotros;<\/li>\r\n<li>Derecho de supresi\u00f3n de conformidad con el Art. 17 GDPR: Usted tiene derecho a solicitar la supresi\u00f3n de sus datos personales si se cumplen los requisitos del Art. 17 p\u00e1rrafo 1 GDPR. Sin embargo, este derecho no existe en particular si el tratamiento es necesario para el ejercicio del derecho a la libertad de expresi\u00f3n e informaci\u00f3n, para el cumplimiento de una obligaci\u00f3n legal, por razones de inter\u00e9s p\u00fablico o para el establecimiento, ejercicio o defensa de reclamaciones legales;<\/li>\r\n<li>Derecho a la limitaci\u00f3n del tratamiento de conformidad con el art\u00edculo 18 del RGPD: Tiene derecho a solicitar la limitaci\u00f3n del tratamiento de sus datos personales mientras se comprueba la exactitud de sus datos, que usted impugna, si se niega a suprimir sus datos debido a un tratamiento de datos inadmisible y, en su lugar, solicita la limitaci\u00f3n del tratamiento de sus datos, si necesita sus datos para la formulaci\u00f3n, el ejercicio o la defensa de reclamaciones legales despu\u00e9s de que ya no necesitemos estos datos una vez alcanzada la finalidad o si ha presentado una objeci\u00f3n por motivos de su situaci\u00f3n particular, mientras a\u00fan no est\u00e9 claro si prevalecen nuestros motivos leg\u00edtimos;<\/li>\r\n<li>Derecho de informaci\u00f3n de conformidad con el art\u00edculo 19 del GDPR: Si usted ha hecho valer el derecho de rectificaci\u00f3n, supresi\u00f3n o limitaci\u00f3n del tratamiento frente al responsable del tratamiento, este est\u00e1 obligado a notificar dicha rectificaci\u00f3n o supresi\u00f3n o limitaci\u00f3n del tratamiento a todos los destinatarios a los que se hayan comunicado los datos personales que le conciernen, salvo que ello resulte imposible o implique un esfuerzo desproporcionado. Usted tiene derecho a ser informado sobre estos destinatarios.<\/li>\r\n<li>Derecho a la portabilidad de los datos de conformidad con el art\u00edculo 20 del RGPD: Tiene derecho a recibir los datos personales que nos haya facilitado en un formato estructurado, de uso com\u00fan y lectura mec\u00e1nica o a solicitar que se transfieran a otro responsable del tratamiento, siempre que sea t\u00e9cnicamente posible;<\/li>\r\n<li>Derecho a revocar el consentimiento otorgado de conformidad con el apartado 3 del art\u00edculo 7 del RGPD: Tiene derecho a revocar su consentimiento para el tratamiento de datos en cualquier momento con efectos para el futuro. En caso de revocaci\u00f3n, eliminaremos inmediatamente los datos en cuesti\u00f3n, a menos que el tratamiento posterior pueda basarse en un fundamento jur\u00eddico para el tratamiento sin consentimiento. La retirada del consentimiento no afectar\u00e1 a la legalidad del tratamiento basado en el consentimiento previo a su retirada;<\/li>\r\n<li>Derecho a presentar una reclamaci\u00f3n de conformidad con el art\u00edculo 77 del RGPD: Si cree que el tratamiento de los datos personales que le conciernen infringe el GDPR, tiene derecho a presentar una reclamaci\u00f3n ante una autoridad de control, en particular en el Estado miembro de su residencia habitual, lugar de trabajo o lugar de la presunta infracci\u00f3n, sin perjuicio de cualquier otro recurso administrativo o judicial.<\/li>\r\n<\/ul>\r\n<p>8<strong>.2 Derecho de oposici\u00f3n<\/strong> Si tratamos sus datos personales sobre la base de nuestro inter\u00e9s leg\u00edtimo superior en el contexto de una ponderaci\u00f3n de intereses, tiene derecho a oponerse a este tratamiento en cualquier momento con efectos para el futuro por motivos relacionados con su situaci\u00f3n particular.<\/p>\r\n<p>Si ejerce su derecho de oposici\u00f3n, dejaremos de tratar los datos en cuesti\u00f3n. Sin embargo, nos reservamos el derecho a continuar el tratamiento si podemos demostrar motivos leg\u00edtimos imperiosos para el tratamiento que prevalezcan sobre sus intereses, derechos y libertades fundamentales, o si el tratamiento sirve para el establecimiento, ejercicio o defensa de reclamaciones legales.<\/p>\r\n<p>Si tratamos sus datos personales con fines de mercadotecnia directa, usted tiene derecho a oponerse en cualquier momento al tratamiento de los datos personales que le conciernen a efectos de dicha mercadotecnia. Puede ejercer su derecho de oposici\u00f3n como se describe m\u00e1s arriba.<\/p>\r\n<p>Si ejerce su derecho de oposici\u00f3n, dejaremos de tratar los datos en cuesti\u00f3n con fines de venta directa.<\/p>\r\n<h2 class=\"wp-block-heading\">I) Duraci\u00f3n del almacenamiento de datos personales<\/h2>\r\n<p>La duraci\u00f3n del almacenamiento de los datos personales viene determinada por el plazo de conservaci\u00f3n legal correspondiente (por ejemplo, los plazos de conservaci\u00f3n en virtud del derecho mercantil y fiscal). Una vez transcurrido el plazo, los datos correspondientes se eliminan de forma rutinaria, siempre que ya no sean necesarios para el cumplimiento o el inicio del contrato y\/o no tengamos ning\u00fan inter\u00e9s leg\u00edtimo en seguir almacen\u00e1ndolos.<\/p>\r\n","protected":false},"excerpt":{"rendered":"<p>A) Informaci\u00f3n sobre la recogida de datos personales y datos de contacto del responsable del tratamiento 1.1 Nos complace que visite nuestro sitio web y le agradecemos su inter\u00e9s. A continuaci\u00f3n, le informaremos sobre c\u00f3mo tratamos sus datos personales cuando utiliza nuestro sitio web. Los datos personales son todos aquellos con los que se le &hellip; <a href=\"https:\/\/www.tattooformentera.com\/es\/politica-de-privacidad\/\" class=\"more-link\">Continue reading<span class=\"screen-reader-text\"> \u00abPol\u00edtica de Privacidad\u00bb<\/span><\/a><\/p>\n","protected":false},"author":1,"featured_media":0,"parent":0,"menu_order":0,"comment_status":"closed","ping_status":"open","template":"","meta":{"_acf_changed":false,"footnotes":""},"class_list":["post-3544","page","type-page","status-publish","hentry"],"acf":[],"aioseo_notices":[],"_links":{"self":[{"href":"https:\/\/www.tattooformentera.com\/es\/wp-json\/wp\/v2\/pages\/3544","targetHints":{"allow":["GET"]}}],"collection":[{"href":"https:\/\/www.tattooformentera.com\/es\/wp-json\/wp\/v2\/pages"}],"about":[{"href":"https:\/\/www.tattooformentera.com\/es\/wp-json\/wp\/v2\/types\/page"}],"author":[{"embeddable":true,"href":"https:\/\/www.tattooformentera.com\/es\/wp-json\/wp\/v2\/users\/1"}],"replies":[{"embeddable":true,"href":"https:\/\/www.tattooformentera.com\/es\/wp-json\/wp\/v2\/comments?post=3544"}],"version-history":[{"count":2,"href":"https:\/\/www.tattooformentera.com\/es\/wp-json\/wp\/v2\/pages\/3544\/revisions"}],"predecessor-version":[{"id":3546,"href":"https:\/\/www.tattooformentera.com\/es\/wp-json\/wp\/v2\/pages\/3544\/revisions\/3546"}],"wp:attachment":[{"href":"https:\/\/www.tattooformentera.com\/es\/wp-json\/wp\/v2\/media?parent=3544"}],"curies":[{"name":"wp","href":"https:\/\/api.w.org\/{rel}","templated":true}]}}