{"id":3534,"date":"2023-08-26T23:15:32","date_gmt":"2023-08-26T21:15:32","guid":{"rendered":"https:\/\/www.tattooformentera.com\/impressum\/"},"modified":"2025-02-05T22:44:11","modified_gmt":"2025-02-05T21:44:11","slug":"impressum","status":"publish","type":"page","link":"https:\/\/www.tattooformentera.com\/es\/impressum\/","title":{"rendered":"Impressum"},"content":{"rendered":"\r\n<p>Informaci\u00f3n seg\u00fan \u00a7 5 TMG <br \/>07871 Es Pujols, <br \/>Carrer De S&#8217;Espalmador, 5, Espa\u00f1a<\/p>\r\n<p>Representado por: Christian Wolf<\/p>\r\n<p>Contacto: <br \/>Tel\u00e9fono: +34 604 190 540 <br \/>E-mail: <a href=\"mailto:ibiza@tattoolounges.de\">ibiza@tattoolounges.de<\/a><\/p>\r\n<p>Exenci\u00f3n de responsabilidad:<\/p>\r\n<h3 class=\"wp-block-heading\">Responsabilidad por el contenido<\/h3>\r\n<p>El contenido de nuestro sitio web ha sido creado con el mayor cuidado. Sin embargo, no podemos asumir ninguna responsabilidad por la exactitud, integridad y actualidad de los contenidos. Como proveedor de servicios, somos responsables de nuestros propios contenidos en estas p\u00e1ginas de acuerdo con el \u00a7 7 p\u00e1rrafo 1 TMG (Ley alemana de Telemedia) y las leyes generales. Sin embargo, seg\u00fan los \u00a7\u00a7 8 a 10 de la TMG, como proveedor de servicios no estamos obligados a controlar la informaci\u00f3n ajena transmitida o almacenada ni a investigar circunstancias que indiquen una actividad ilegal. Esto no afecta a las obligaciones de eliminar o bloquear el uso de informaci\u00f3n de conformidad con la legislaci\u00f3n general. Sin embargo, la responsabilidad a este respecto s\u00f3lo ser\u00e1 posible a partir del momento en que tengamos conocimiento de una infracci\u00f3n concreta. En cuanto tengamos conocimiento de tales infracciones, eliminaremos inmediatamente estos contenidos.<\/p>\r\n<h3 class=\"wp-block-heading\">Responsabilidad de los enlaces<\/h3>\r\n<p>Nuestro sitio web contiene enlaces a sitios web externos de terceros sobre cuyo contenido no tenemos ninguna influencia. Por lo tanto, no podemos aceptar ninguna responsabilidad por este contenido de terceros. El respectivo proveedor u operador de las p\u00e1ginas es siempre responsable del contenido de las p\u00e1ginas enlazadas. En el momento de establecer el enlace, se comprob\u00f3 que las p\u00e1ginas enlazadas no infringieran la ley. En el momento de establecer el enlace no se detectaron contenidos ilegales. Sin embargo, el control permanente del contenido de las p\u00e1ginas enlazadas no es razonable sin pruebas concretas de una infracci\u00f3n. Si tenemos conocimiento de alguna infracci\u00f3n legal, eliminaremos dichos enlaces inmediatamente.<\/p>\r\n<h3 class=\"wp-block-heading\">Derechos de autor<\/h3>\r\n<p>Los contenidos y obras creados por los operadores de estas p\u00e1ginas est\u00e1n sujetos a la legislaci\u00f3n alemana sobre derechos de autor. La reproducci\u00f3n, el procesamiento, la distribuci\u00f3n y cualquier tipo de utilizaci\u00f3n fuera de los l\u00edmites de la ley de derechos de autor requieren el consentimiento por escrito del respectivo autor o creador. Las descargas y copias de este sitio s\u00f3lo est\u00e1n permitidas para uso privado y no comercial. En la medida en que el contenido de este sitio no haya sido creado por el operador, se respetan los derechos de autor de terceros. En particular, los contenidos de terceros est\u00e1n etiquetados como tales. No obstante, si tiene conocimiento de una infracci\u00f3n de los derechos de autor, le rogamos que nos lo comunique. Si tenemos conocimiento de alguna infracci\u00f3n, eliminaremos inmediatamente dicho contenido.<\/p>\r\n<h3 class=\"wp-block-heading\">Protecci\u00f3n de datos<\/h3>\r\n<p>Por lo general, es posible utilizar nuestro sitio web sin necesidad de facilitar datos personales. En la medida en que en nuestro sitio web se recaben datos personales (por ejemplo, nombre, direcci\u00f3n o direcciones de correo electr\u00f3nico), siempre se har\u00e1, en la medida de lo posible, de forma voluntaria. Estos datos no se transmitir\u00e1n a terceros sin su consentimiento expreso.<\/p>\r\n<p>Le advertimos de que la transmisi\u00f3n de datos a trav\u00e9s de Internet (por ejemplo, al comunicarse por correo electr\u00f3nico) puede estar sujeta a vulnerabilidades de seguridad. No es posible una protecci\u00f3n completa de los datos contra el acceso de terceros. Por la presente nos oponemos expresamente a que los datos de contacto publicados en el marco de la obligaci\u00f3n de pie de imprenta sean utilizados por terceros para el env\u00edo de publicidad y material informativo no solicitado. Los operadores del sitio web se reservan expresamente el derecho a emprender acciones legales en caso de env\u00edo no solicitado de informaci\u00f3n publicitaria, como correos electr\u00f3nicos basura.<\/p>\r\n<h3 class=\"wp-block-heading\">Google Analytics<\/h3>\r\n<p>Este sitio web utiliza Google Analytics, un servicio anal\u00edtico de web prestado por Google Inc (\u00abGoogle\u00bb). Google Analytics utiliza \u00abcookies\u00bb, que son archivos de texto ubicados en su ordenador, para ayudar al website a analizar el uso que hacen los usuarios del sitio web. La informaci\u00f3n que genera la cookie acerca de su uso del website (incluyendo su direcci\u00f3n IP) ser\u00e1 directamente transmitida y archivada por Google en los servidores de Estados Unidos. Google usar\u00e1 esta informaci\u00f3n por cuenta nuestra con el prop\u00f3sito de seguir la pista de su uso del website, recopilando informes de la actividad del website y prestando otros servicios relacionados con la actividad del website y el uso de Internet. Google podr\u00e1 transmitir dicha informaci\u00f3n a terceros cuando as\u00ed se lo requiera la legislaci\u00f3n, o cuando dichos terceros procesen la informaci\u00f3n por cuenta de Google. Google no asociar\u00e1 su direcci\u00f3n IP con ning\u00fan otro dato del que disponga Google. Puede Usted rechazar el tratamiento de los datos o la informaci\u00f3n rechazando el uso de cookies mediante la selecci\u00f3n de la configuraci\u00f3n apropiada de su navegador, sin embargo, debe Usted saber que si lo hace puede ser que no pueda usar la plena funcionabilidad de este website. Al utilizar este website Usted consiente el tratamiento de informaci\u00f3n acerca de Usted por Google en la forma y para los fines arriba indicados.<\/p>\r\n<h3 class=\"wp-block-heading\">Google AdSense<\/h3>\r\n<p>Este sitio web utiliza Google Adsense, un servicio de publicidad web de Google Inc, EE.UU. (\u00abGoogle\u00bb). Google Adsense utiliza las llamadas \u00abcookies\u00bb (archivos de texto), que se almacenan en su ordenador y permiten analizar su uso del sitio web. Google Adsense tambi\u00e9n utiliza los llamados \u00abweb beacons\u00bb (peque\u00f1os gr\u00e1ficos invisibles) para recopilar informaci\u00f3n. Mediante el uso de la baliza web, se pueden registrar y recopilar acciones sencillas como el tr\u00e1fico de visitantes en el sitio web. La informaci\u00f3n que genera la cookie y\/o web beacon acerca de su uso del website (incluyendo su direcci\u00f3n IP) ser\u00e1 directamente transmitida y archivada por Google en los servidores de Estados Unidos. Google usar\u00e1 esta informaci\u00f3n por cuenta nuestra con el prop\u00f3sito de seguir la pista de su uso del website, recopilando informes de la actividad del website y prestando otros servicios relacionados con la actividad del website y el uso de Internet. Google podr\u00e1 transmitir dicha informaci\u00f3n a terceros cuando as\u00ed se lo requiera la legislaci\u00f3n, o cuando dichos terceros procesen la informaci\u00f3n por cuenta de Google. Google no asociar\u00e1 su direcci\u00f3n IP con ning\u00fan otro dato del que disponga Google. Puede evitar el almacenamiento de cookies en su disco duro y la visualizaci\u00f3n de balizas web seleccionando \u00abNo aceptar cookies\u00bb en la configuraci\u00f3n de su navegador (en MS Internet Explorer en \u00abHerramientas &gt; Opciones de Internet &gt; Privacidad &gt; Configuraci\u00f3n\u00bb; en Firefox en \u00abHerramientas &gt; Configuraci\u00f3n &gt; Privacidad &gt; Cookies\u00bb); no obstante, le advertimos de que en este caso es posible que no pueda utilizar todas las funciones de este sitio web en toda su extensi\u00f3n. Al utilizar este website Usted consiente el tratamiento de informaci\u00f3n acerca de Usted por Google en la forma y para los fines arriba indicados.<\/p>\r\n","protected":false},"excerpt":{"rendered":"<p>Informaci\u00f3n seg\u00fan \u00a7 5 TMG 07871 Es Pujols, Carrer De S&#8217;Espalmador, 5, Espa\u00f1a Representado por: Christian Wolf Contacto: Tel\u00e9fono: +34 604 190 540 E-mail: ibiza@tattoolounges.de Exenci\u00f3n de responsabilidad: Responsabilidad por el contenido El contenido de nuestro sitio web ha sido creado con el mayor cuidado. Sin embargo, no podemos asumir ninguna responsabilidad por la exactitud, &hellip; <a href=\"https:\/\/www.tattooformentera.com\/es\/impressum\/\" class=\"more-link\">Continue reading<span class=\"screen-reader-text\"> \u00abImpressum\u00bb<\/span><\/a><\/p>\n","protected":false},"author":1,"featured_media":0,"parent":0,"menu_order":0,"comment_status":"closed","ping_status":"closed","template":"","meta":{"_acf_changed":false,"footnotes":""},"class_list":["post-3534","page","type-page","status-publish","hentry"],"acf":[],"aioseo_notices":[],"_links":{"self":[{"href":"https:\/\/www.tattooformentera.com\/es\/wp-json\/wp\/v2\/pages\/3534","targetHints":{"allow":["GET"]}}],"collection":[{"href":"https:\/\/www.tattooformentera.com\/es\/wp-json\/wp\/v2\/pages"}],"about":[{"href":"https:\/\/www.tattooformentera.com\/es\/wp-json\/wp\/v2\/types\/page"}],"author":[{"embeddable":true,"href":"https:\/\/www.tattooformentera.com\/es\/wp-json\/wp\/v2\/users\/1"}],"replies":[{"embeddable":true,"href":"https:\/\/www.tattooformentera.com\/es\/wp-json\/wp\/v2\/comments?post=3534"}],"version-history":[{"count":4,"href":"https:\/\/www.tattooformentera.com\/es\/wp-json\/wp\/v2\/pages\/3534\/revisions"}],"predecessor-version":[{"id":3541,"href":"https:\/\/www.tattooformentera.com\/es\/wp-json\/wp\/v2\/pages\/3534\/revisions\/3541"}],"wp:attachment":[{"href":"https:\/\/www.tattooformentera.com\/es\/wp-json\/wp\/v2\/media?parent=3534"}],"curies":[{"name":"wp","href":"https:\/\/api.w.org\/{rel}","templated":true}]}}