{"id":3528,"date":"2023-08-23T22:45:21","date_gmt":"2023-08-23T20:45:21","guid":{"rendered":"https:\/\/www.tattooformentera.com\/piercing\/"},"modified":"2025-03-07T21:16:37","modified_gmt":"2025-03-07T20:16:37","slug":"piercing","status":"publish","type":"page","link":"https:\/\/www.tattooformentera.com\/es\/piercing\/","title":{"rendered":"Estudio de piercing en Formentera"},"content":{"rendered":"\r\n<h2 class=\"wp-block-heading\">Piercing art: individualidad y estilo en Formentera<\/h2>\r\n<p><br \/>Formas <strong>\u00fanicas de<\/strong> expresi\u00f3n El mundo de los<strong>piercings<\/strong> es un viaje fascinante al mundo de la individualidad y el estilo personal. Los piercings no son s\u00f3lo modificaciones corporales, sino tambi\u00e9n formas creativas de expresi\u00f3n que combinan personalidad y moda de una manera \u00fanica. En nuestro estudio de Formentera, le ofrecemos una amplia gama de opciones de piercings para resaltar su personalidad y acentuar su estilo.<\/p>\r\n<h3 class=\"wp-block-heading\">La variedad de piercings<\/h3>\r\n<p>Nuestra amplia gama de opciones de piercing le permite hacer declaraciones expresivas. Ofrecemos desde opciones sutiles hasta llamativas:<\/p>\r\n<ul>\r\n<li><strong>Piercings en las<\/strong> orejas: desde los cl\u00e1sicos piercings en las orejas hasta los modernos piercings en el h\u00e9lix y el tragus, ofrecemos una gran variedad de opciones para las orejas.<\/li>\r\n<li>Piercings <strong>faciales<\/strong>: cejas, orificios nasales y labios: los piercings faciales pueden resaltar los rasgos faciales y dar un toque atrevido.<\/li>\r\n<li><strong>Piercings corpor<\/strong> ales: ombligo, pecho, ombligo, etc. Los piercings corporales permiten una gran variedad de dise\u00f1os creativos.<\/li>\r\n<\/ul>\r\n<ul><\/ul>\r\n<!-- \/wp:post-content -->","protected":false},"excerpt":{"rendered":"<p>Piercing art: individualidad y estilo en Formentera Formas \u00fanicas de expresi\u00f3n El mundo de lospiercings es un viaje fascinante al mundo de la individualidad y el estilo personal. Los piercings no son s\u00f3lo modificaciones corporales, sino tambi\u00e9n formas creativas de expresi\u00f3n que combinan personalidad y moda de una manera \u00fanica. En nuestro estudio de Formentera, &hellip; <a href=\"https:\/\/www.tattooformentera.com\/es\/piercing\/\" class=\"more-link\">Continue reading<span class=\"screen-reader-text\"> \u00abEstudio de piercing en Formentera\u00bb<\/span><\/a><\/p>\n","protected":false},"author":1,"featured_media":3328,"parent":0,"menu_order":0,"comment_status":"closed","ping_status":"closed","template":"page-piercing.php","meta":{"_acf_changed":false,"footnotes":""},"class_list":["post-3528","page","type-page","status-publish","has-post-thumbnail","hentry"],"acf":[],"aioseo_notices":[],"_links":{"self":[{"href":"https:\/\/www.tattooformentera.com\/es\/wp-json\/wp\/v2\/pages\/3528","targetHints":{"allow":["GET"]}}],"collection":[{"href":"https:\/\/www.tattooformentera.com\/es\/wp-json\/wp\/v2\/pages"}],"about":[{"href":"https:\/\/www.tattooformentera.com\/es\/wp-json\/wp\/v2\/types\/page"}],"author":[{"embeddable":true,"href":"https:\/\/www.tattooformentera.com\/es\/wp-json\/wp\/v2\/users\/1"}],"replies":[{"embeddable":true,"href":"https:\/\/www.tattooformentera.com\/es\/wp-json\/wp\/v2\/comments?post=3528"}],"version-history":[{"count":3,"href":"https:\/\/www.tattooformentera.com\/es\/wp-json\/wp\/v2\/pages\/3528\/revisions"}],"predecessor-version":[{"id":3867,"href":"https:\/\/www.tattooformentera.com\/es\/wp-json\/wp\/v2\/pages\/3528\/revisions\/3867"}],"wp:featuredmedia":[{"embeddable":true,"href":"https:\/\/www.tattooformentera.com\/es\/wp-json\/wp\/v2\/media\/3328"}],"wp:attachment":[{"href":"https:\/\/www.tattooformentera.com\/es\/wp-json\/wp\/v2\/media?parent=3528"}],"curies":[{"name":"wp","href":"https:\/\/api.w.org\/{rel}","templated":true}]}}