{"id":3525,"date":"2023-08-23T22:30:48","date_gmt":"2023-08-23T20:30:48","guid":{"rendered":"https:\/\/www.tattooformentera.com\/tattoo-artists\/"},"modified":"2025-02-05T22:32:40","modified_gmt":"2025-02-05T21:32:40","slug":"artistas-del-tatuaje","status":"publish","type":"page","link":"https:\/\/www.tattooformentera.com\/es\/artistas-del-tatuaje\/","title":{"rendered":"Artistas del tatuaje &#8211; Nuestros maestros del arte corporal"},"content":{"rendered":"\r\n<p>En nuestro equipo reunimos con orgullo a un conjunto de talentosos artistas del tatuaje que ha cristalizado a lo largo de m\u00e1s de una d\u00e9cada.<\/p>\r\n<p>Los tatuajes son sin duda una forma sublime de arte corporal que requiere tanto sofisticaci\u00f3n art\u00edstica como virtuosismo t\u00e9cnico. Gracias a nuestros artistas de alto calibre, podemos garantizar que nuestros clientes disfruten de tatuajes de primera clase e impresionantes.<\/p>\r\n<p>El mundo del arte del tatuaje ha experimentado una popularidad imparable en los \u00faltimos a\u00f1os, y es esencial estar al tanto de las \u00faltimas tendencias y t\u00e9cnicas. Nuestros artistas son expertos virtuosos en este campo y dominan una amplia gama de estilos. Ya se trate de dise\u00f1os tradicionales, realistas, minimalistas o surrealistas, son capaces de satisfacer una amplia gama de peticiones de los clientes.<\/p>\r\n<p>Gracias a los excelentes artistas del tatuaje que forman parte de nuestro equipo, nuestros clientes pueden confiar en recibir no s\u00f3lo asesoramiento profesional, sino tambi\u00e9n un trabajo artesanal de la m\u00e1xima calidad. Conf\u00edan en que sus visiones ser\u00e1n comprendidas por artistas experimentados y transformadas en una obra de arte duradera.<\/p>\r\n<p>Bienvenido a nuestro estudio de tatuajes de Formentera. Aqu\u00ed no s\u00f3lo encontrar\u00e1 tatuajes, sino verdaderas obras maestras del arte corporal.<\/p>\r\n","protected":false},"excerpt":{"rendered":"<p>En nuestro equipo reunimos con orgullo a un conjunto de talentosos artistas del tatuaje que ha cristalizado a lo largo de m\u00e1s de una d\u00e9cada. Los tatuajes son sin duda una forma sublime de arte corporal que requiere tanto sofisticaci\u00f3n art\u00edstica como virtuosismo t\u00e9cnico. Gracias a nuestros artistas de alto calibre, podemos garantizar que nuestros &hellip; <a href=\"https:\/\/www.tattooformentera.com\/es\/artistas-del-tatuaje\/\" class=\"more-link\">Continue reading<span class=\"screen-reader-text\"> \u00abArtistas del tatuaje &#8211; Nuestros maestros del arte corporal\u00bb<\/span><\/a><\/p>\n","protected":false},"author":1,"featured_media":0,"parent":0,"menu_order":0,"comment_status":"closed","ping_status":"closed","template":"page-artist.php","meta":{"_acf_changed":false,"footnotes":""},"class_list":["post-3525","page","type-page","status-publish","hentry"],"acf":{"photo_gallery":{"gallery_1":[[{"id":3152,"title":"Tatowierer-werden-6","caption":"","full_image_url":"https:\/\/www.tattooformentera.com\/wp-content\/uploads\/2023\/08\/Tatowierer-werden-6.webp","thumbnail_image_url":"https:\/\/www.tattooformentera.com\/wp-content\/uploads\/2023\/08\/Tatowierer-werden-6-150x150.webp","large_srcset":"https:\/\/www.tattooformentera.com\/wp-content\/uploads\/2023\/08\/Tatowierer-werden-6.webp 1008w, https:\/\/www.tattooformentera.com\/wp-content\/uploads\/2023\/08\/Tatowierer-werden-6-300x225.webp 300w, https:\/\/www.tattooformentera.com\/wp-content\/uploads\/2023\/08\/Tatowierer-werden-6-768x576.webp 768w","medium_srcset":"https:\/\/www.tattooformentera.com\/wp-content\/uploads\/2023\/08\/Tatowierer-werden-6-300x225.webp 300w, https:\/\/www.tattooformentera.com\/wp-content\/uploads\/2023\/08\/Tatowierer-werden-6-768x576.webp 768w, https:\/\/www.tattooformentera.com\/wp-content\/uploads\/2023\/08\/Tatowierer-werden-6.webp 1008w","media_details":{"width":1008,"height":756,"sizes":{"medium":{"file":"Tatowierer-werden-6-300x225.webp","width":300,"height":225,"mime-type":"image\/webp","filesize":19852,"source_url":"https:\/\/www.tattooformentera.com\/wp-content\/uploads\/2023\/08\/Tatowierer-werden-6-300x225.webp"},"thumbnail":{"file":"Tatowierer-werden-6-150x150.webp","width":150,"height":150,"mime-type":"image\/webp","filesize":8284,"source_url":"https:\/\/www.tattooformentera.com\/wp-content\/uploads\/2023\/08\/Tatowierer-werden-6-150x150.webp"},"medium_large":{"file":"Tatowierer-werden-6-768x576.webp","width":768,"height":576,"mime-type":"image\/webp","filesize":80204,"source_url":"https:\/\/www.tattooformentera.com\/wp-content\/uploads\/2023\/08\/Tatowierer-werden-6-768x576.webp"},"img_1920x700":{"file":"Tatowierer-werden-6-1008x700.webp","width":1008,"height":700,"mime-type":"image\/webp","filesize":98466,"source_url":"https:\/\/www.tattooformentera.com\/wp-content\/uploads\/2023\/08\/Tatowierer-werden-6-1008x700.webp"},"img_1920x400":{"file":"Tatowierer-werden-6-1008x400.webp","width":1008,"height":400,"mime-type":"image\/webp","filesize":82420,"source_url":"https:\/\/www.tattooformentera.com\/wp-content\/uploads\/2023\/08\/Tatowierer-werden-6-1008x400.webp"},"img_600x600":{"file":"Tatowierer-werden-6-600x600.webp","width":600,"height":600,"mime-type":"image\/webp","filesize":66346,"source_url":"https:\/\/www.tattooformentera.com\/wp-content\/uploads\/2023\/08\/Tatowierer-werden-6-600x600.webp"},"img_500x700":{"file":"Tatowierer-werden-6-500x700.webp","width":500,"height":700,"mime-type":"image\/webp","filesize":55242,"source_url":"https:\/\/www.tattooformentera.com\/wp-content\/uploads\/2023\/08\/Tatowierer-werden-6-500x700.webp"}}},"alt_text":"","url":"","target":""},{"id":3146,"title":"Tatowierer-werden-2","caption":"","full_image_url":"https:\/\/www.tattooformentera.com\/wp-content\/uploads\/2023\/08\/Tatowierer-werden-2.webp","thumbnail_image_url":"https:\/\/www.tattooformentera.com\/wp-content\/uploads\/2023\/08\/Tatowierer-werden-2-150x150.webp","large_srcset":"https:\/\/www.tattooformentera.com\/wp-content\/uploads\/2023\/08\/Tatowierer-werden-2.webp 672w, https:\/\/www.tattooformentera.com\/wp-content\/uploads\/2023\/08\/Tatowierer-werden-2-300x163.webp 300w","medium_srcset":"https:\/\/www.tattooformentera.com\/wp-content\/uploads\/2023\/08\/Tatowierer-werden-2-300x163.webp 300w, https:\/\/www.tattooformentera.com\/wp-content\/uploads\/2023\/08\/Tatowierer-werden-2.webp 672w","media_details":{"width":672,"height":366,"sizes":{"medium":{"file":"Tatowierer-werden-2-300x163.webp","width":300,"height":163,"mime-type":"image\/webp","filesize":14066,"source_url":"https:\/\/www.tattooformentera.com\/wp-content\/uploads\/2023\/08\/Tatowierer-werden-2-300x163.webp"},"thumbnail":{"file":"Tatowierer-werden-2-150x150.webp","width":150,"height":150,"mime-type":"image\/webp","filesize":7806,"source_url":"https:\/\/www.tattooformentera.com\/wp-content\/uploads\/2023\/08\/Tatowierer-werden-2-150x150.webp"},"img_600x600":{"file":"Tatowierer-werden-2-600x366.webp","width":600,"height":366,"mime-type":"image\/webp","filesize":32128,"source_url":"https:\/\/www.tattooformentera.com\/wp-content\/uploads\/2023\/08\/Tatowierer-werden-2-600x366.webp"},"img_500x700":{"file":"Tatowierer-werden-2-500x366.webp","width":500,"height":366,"mime-type":"image\/webp","filesize":37900,"source_url":"https:\/\/www.tattooformentera.com\/wp-content\/uploads\/2023\/08\/Tatowierer-werden-2-500x366.webp"}}},"alt_text":"","url":"","target":""},{"id":3370,"title":"tattoo-studio-artists-8","caption":"","full_image_url":"https:\/\/www.tattooformentera.com\/wp-content\/uploads\/2023\/08\/tattoo-studio-artists-8.webp","thumbnail_image_url":"https:\/\/www.tattooformentera.com\/wp-content\/uploads\/2023\/08\/tattoo-studio-artists-8-150x150.webp","large_srcset":"https:\/\/www.tattooformentera.com\/wp-content\/uploads\/2023\/08\/tattoo-studio-artists-8.webp 543w, https:\/\/www.tattooformentera.com\/wp-content\/uploads\/2023\/08\/tattoo-studio-artists-8-298x300.webp 298w, https:\/\/www.tattooformentera.com\/wp-content\/uploads\/2023\/08\/tattoo-studio-artists-8-150x150.webp 150w","medium_srcset":"https:\/\/www.tattooformentera.com\/wp-content\/uploads\/2023\/08\/tattoo-studio-artists-8-298x300.webp 298w, https:\/\/www.tattooformentera.com\/wp-content\/uploads\/2023\/08\/tattoo-studio-artists-8-150x150.webp 150w, https:\/\/www.tattooformentera.com\/wp-content\/uploads\/2023\/08\/tattoo-studio-artists-8.webp 543w","media_details":{"width":543,"height":546,"sizes":{"medium":{"file":"tattoo-studio-artists-8-298x300.webp","width":298,"height":300,"mime-type":"image\/webp","filesize":16870,"source_url":"https:\/\/www.tattooformentera.com\/wp-content\/uploads\/2023\/08\/tattoo-studio-artists-8-298x300.webp"},"thumbnail":{"file":"tattoo-studio-artists-8-150x150.webp","width":150,"height":150,"mime-type":"image\/webp","filesize":6646,"source_url":"https:\/\/www.tattooformentera.com\/wp-content\/uploads\/2023\/08\/tattoo-studio-artists-8-150x150.webp"},"img_1920x400":{"file":"tattoo-studio-artists-8-543x400.webp","width":543,"height":400,"mime-type":"image\/webp","filesize":26634,"source_url":"https:\/\/www.tattooformentera.com\/wp-content\/uploads\/2023\/08\/tattoo-studio-artists-8-543x400.webp"},"img_500x700":{"file":"tattoo-studio-artists-8-500x546.webp","width":500,"height":546,"mime-type":"image\/webp","filesize":35998,"source_url":"https:\/\/www.tattooformentera.com\/wp-content\/uploads\/2023\/08\/tattoo-studio-artists-8-500x546.webp"}}},"alt_text":"","url":"","target":""},{"id":3368,"title":"tattoo-studio-artists-7","caption":"","full_image_url":"https:\/\/www.tattooformentera.com\/wp-content\/uploads\/2023\/08\/tattoo-studio-artists-7.webp","thumbnail_image_url":"https:\/\/www.tattooformentera.com\/wp-content\/uploads\/2023\/08\/tattoo-studio-artists-7-150x150.webp","large_srcset":"https:\/\/www.tattooformentera.com\/wp-content\/uploads\/2023\/08\/tattoo-studio-artists-7.webp 822w, https:\/\/www.tattooformentera.com\/wp-content\/uploads\/2023\/08\/tattoo-studio-artists-7-300x198.webp 300w, https:\/\/www.tattooformentera.com\/wp-content\/uploads\/2023\/08\/tattoo-studio-artists-7-768x507.webp 768w","medium_srcset":"https:\/\/www.tattooformentera.com\/wp-content\/uploads\/2023\/08\/tattoo-studio-artists-7-300x198.webp 300w, https:\/\/www.tattooformentera.com\/wp-content\/uploads\/2023\/08\/tattoo-studio-artists-7-768x507.webp 768w, https:\/\/www.tattooformentera.com\/wp-content\/uploads\/2023\/08\/tattoo-studio-artists-7.webp 822w","media_details":{"width":822,"height":543,"sizes":{"medium":{"file":"tattoo-studio-artists-7-300x198.webp","width":300,"height":198,"mime-type":"image\/webp","filesize":23234,"source_url":"https:\/\/www.tattooformentera.com\/wp-content\/uploads\/2023\/08\/tattoo-studio-artists-7-300x198.webp"},"thumbnail":{"file":"tattoo-studio-artists-7-150x150.webp","width":150,"height":150,"mime-type":"image\/webp","filesize":10494,"source_url":"https:\/\/www.tattooformentera.com\/wp-content\/uploads\/2023\/08\/tattoo-studio-artists-7-150x150.webp"},"medium_large":{"file":"tattoo-studio-artists-7-768x507.webp","width":768,"height":507,"mime-type":"image\/webp","filesize":87832,"source_url":"https:\/\/www.tattooformentera.com\/wp-content\/uploads\/2023\/08\/tattoo-studio-artists-7-768x507.webp"},"img_1920x400":{"file":"tattoo-studio-artists-7-822x400.webp","width":822,"height":400,"mime-type":"image\/webp","filesize":81364,"source_url":"https:\/\/www.tattooformentera.com\/wp-content\/uploads\/2023\/08\/tattoo-studio-artists-7-822x400.webp"},"img_600x600":{"file":"tattoo-studio-artists-7-600x543.webp","width":600,"height":543,"mime-type":"image\/webp","filesize":81338,"source_url":"https:\/\/www.tattooformentera.com\/wp-content\/uploads\/2023\/08\/tattoo-studio-artists-7-600x543.webp"},"img_500x700":{"file":"tattoo-studio-artists-7-500x543.webp","width":500,"height":543,"mime-type":"image\/webp","filesize":68986,"source_url":"https:\/\/www.tattooformentera.com\/wp-content\/uploads\/2023\/08\/tattoo-studio-artists-7-500x543.webp"}}},"alt_text":"","url":"","target":""},{"id":3366,"title":"tattoo-studio-artists-6","caption":"","full_image_url":"https:\/\/www.tattooformentera.com\/wp-content\/uploads\/2023\/08\/tattoo-studio-artists-6.webp","thumbnail_image_url":"https:\/\/www.tattooformentera.com\/wp-content\/uploads\/2023\/08\/tattoo-studio-artists-6-150x150.webp","large_srcset":"https:\/\/www.tattooformentera.com\/wp-content\/uploads\/2023\/08\/tattoo-studio-artists-6.webp 704w, https:\/\/www.tattooformentera.com\/wp-content\/uploads\/2023\/08\/tattoo-studio-artists-6-300x237.webp 300w","medium_srcset":"https:\/\/www.tattooformentera.com\/wp-content\/uploads\/2023\/08\/tattoo-studio-artists-6-300x237.webp 300w, https:\/\/www.tattooformentera.com\/wp-content\/uploads\/2023\/08\/tattoo-studio-artists-6.webp 704w","media_details":{"width":704,"height":556,"sizes":{"medium":{"file":"tattoo-studio-artists-6-300x237.webp","width":300,"height":237,"mime-type":"image\/webp","filesize":17160,"source_url":"https:\/\/www.tattooformentera.com\/wp-content\/uploads\/2023\/08\/tattoo-studio-artists-6-300x237.webp"},"thumbnail":{"file":"tattoo-studio-artists-6-150x150.webp","width":150,"height":150,"mime-type":"image\/webp","filesize":7824,"source_url":"https:\/\/www.tattooformentera.com\/wp-content\/uploads\/2023\/08\/tattoo-studio-artists-6-150x150.webp"},"img_1920x400":{"file":"tattoo-studio-artists-6-704x400.webp","width":704,"height":400,"mime-type":"image\/webp","filesize":45108,"source_url":"https:\/\/www.tattooformentera.com\/wp-content\/uploads\/2023\/08\/tattoo-studio-artists-6-704x400.webp"},"img_600x600":{"file":"tattoo-studio-artists-6-600x556.webp","width":600,"height":556,"mime-type":"image\/webp","filesize":42332,"source_url":"https:\/\/www.tattooformentera.com\/wp-content\/uploads\/2023\/08\/tattoo-studio-artists-6-600x556.webp"},"img_500x700":{"file":"tattoo-studio-artists-6-500x556.webp","width":500,"height":556,"mime-type":"image\/webp","filesize":47060,"source_url":"https:\/\/www.tattooformentera.com\/wp-content\/uploads\/2023\/08\/tattoo-studio-artists-6-500x556.webp"}}},"alt_text":"","url":"","target":""},{"id":3364,"title":"tattoo-studio-artists-5","caption":"","full_image_url":"https:\/\/www.tattooformentera.com\/wp-content\/uploads\/2023\/08\/tattoo-studio-artists-5.webp","thumbnail_image_url":"https:\/\/www.tattooformentera.com\/wp-content\/uploads\/2023\/08\/tattoo-studio-artists-5-150x150.webp","large_srcset":"https:\/\/www.tattooformentera.com\/wp-content\/uploads\/2023\/08\/tattoo-studio-artists-5.webp 617w, https:\/\/www.tattooformentera.com\/wp-content\/uploads\/2023\/08\/tattoo-studio-artists-5-300x288.webp 300w","medium_srcset":"https:\/\/www.tattooformentera.com\/wp-content\/uploads\/2023\/08\/tattoo-studio-artists-5-300x288.webp 300w, https:\/\/www.tattooformentera.com\/wp-content\/uploads\/2023\/08\/tattoo-studio-artists-5.webp 617w","media_details":{"width":617,"height":592,"sizes":{"medium":{"file":"tattoo-studio-artists-5-300x288.webp","width":300,"height":288,"mime-type":"image\/webp","filesize":18916,"source_url":"https:\/\/www.tattooformentera.com\/wp-content\/uploads\/2023\/08\/tattoo-studio-artists-5-300x288.webp"},"thumbnail":{"file":"tattoo-studio-artists-5-150x150.webp","width":150,"height":150,"mime-type":"image\/webp","filesize":7850,"source_url":"https:\/\/www.tattooformentera.com\/wp-content\/uploads\/2023\/08\/tattoo-studio-artists-5-150x150.webp"},"img_1920x400":{"file":"tattoo-studio-artists-5-617x400.webp","width":617,"height":400,"mime-type":"image\/webp","filesize":24222,"source_url":"https:\/\/www.tattooformentera.com\/wp-content\/uploads\/2023\/08\/tattoo-studio-artists-5-617x400.webp"},"img_600x600":{"file":"tattoo-studio-artists-5-600x592.webp","width":600,"height":592,"mime-type":"image\/webp","filesize":37436,"source_url":"https:\/\/www.tattooformentera.com\/wp-content\/uploads\/2023\/08\/tattoo-studio-artists-5-600x592.webp"},"img_500x700":{"file":"tattoo-studio-artists-5-500x592.webp","width":500,"height":592,"mime-type":"image\/webp","filesize":38572,"source_url":"https:\/\/www.tattooformentera.com\/wp-content\/uploads\/2023\/08\/tattoo-studio-artists-5-500x592.webp"}}},"alt_text":"","url":"","target":""},{"id":3362,"title":"tattoo-studio-artists-4","caption":"","full_image_url":"https:\/\/www.tattooformentera.com\/wp-content\/uploads\/2023\/08\/tattoo-studio-artists-4.webp","thumbnail_image_url":"https:\/\/www.tattooformentera.com\/wp-content\/uploads\/2023\/08\/tattoo-studio-artists-4-150x150.webp","large_srcset":"https:\/\/www.tattooformentera.com\/wp-content\/uploads\/2023\/08\/tattoo-studio-artists-4.webp 445w, https:\/\/www.tattooformentera.com\/wp-content\/uploads\/2023\/08\/tattoo-studio-artists-4-300x224.webp 300w","medium_srcset":"https:\/\/www.tattooformentera.com\/wp-content\/uploads\/2023\/08\/tattoo-studio-artists-4-300x224.webp 300w, https:\/\/www.tattooformentera.com\/wp-content\/uploads\/2023\/08\/tattoo-studio-artists-4.webp 445w","media_details":{"width":445,"height":333,"sizes":{"medium":{"file":"tattoo-studio-artists-4-300x224.webp","width":300,"height":224,"mime-type":"image\/webp","filesize":16296,"source_url":"https:\/\/www.tattooformentera.com\/wp-content\/uploads\/2023\/08\/tattoo-studio-artists-4-300x224.webp"},"thumbnail":{"file":"tattoo-studio-artists-4-150x150.webp","width":150,"height":150,"mime-type":"image\/webp","filesize":7294,"source_url":"https:\/\/www.tattooformentera.com\/wp-content\/uploads\/2023\/08\/tattoo-studio-artists-4-150x150.webp"}}},"alt_text":"","url":"","target":""},{"id":3360,"title":"tattoo-studio-artists-3","caption":"","full_image_url":"https:\/\/www.tattooformentera.com\/wp-content\/uploads\/2023\/08\/tattoo-studio-artists-3.webp","thumbnail_image_url":"https:\/\/www.tattooformentera.com\/wp-content\/uploads\/2023\/08\/tattoo-studio-artists-3-150x150.webp","large_srcset":"https:\/\/www.tattooformentera.com\/wp-content\/uploads\/2023\/08\/tattoo-studio-artists-3.webp 645w, https:\/\/www.tattooformentera.com\/wp-content\/uploads\/2023\/08\/tattoo-studio-artists-3-300x223.webp 300w","medium_srcset":"https:\/\/www.tattooformentera.com\/wp-content\/uploads\/2023\/08\/tattoo-studio-artists-3-300x223.webp 300w, https:\/\/www.tattooformentera.com\/wp-content\/uploads\/2023\/08\/tattoo-studio-artists-3.webp 645w","media_details":{"width":645,"height":479,"sizes":{"medium":{"file":"tattoo-studio-artists-3-300x223.webp","width":300,"height":223,"mime-type":"image\/webp","filesize":16236,"source_url":"https:\/\/www.tattooformentera.com\/wp-content\/uploads\/2023\/08\/tattoo-studio-artists-3-300x223.webp"},"thumbnail":{"file":"tattoo-studio-artists-3-150x150.webp","width":150,"height":150,"mime-type":"image\/webp","filesize":7112,"source_url":"https:\/\/www.tattooformentera.com\/wp-content\/uploads\/2023\/08\/tattoo-studio-artists-3-150x150.webp"},"img_1920x400":{"file":"tattoo-studio-artists-3-645x400.webp","width":645,"height":400,"mime-type":"image\/webp","filesize":39848,"source_url":"https:\/\/www.tattooformentera.com\/wp-content\/uploads\/2023\/08\/tattoo-studio-artists-3-645x400.webp"},"img_600x600":{"file":"tattoo-studio-artists-3-600x479.webp","width":600,"height":479,"mime-type":"image\/webp","filesize":44680,"source_url":"https:\/\/www.tattooformentera.com\/wp-content\/uploads\/2023\/08\/tattoo-studio-artists-3-600x479.webp"},"img_500x700":{"file":"tattoo-studio-artists-3-500x479.webp","width":500,"height":479,"mime-type":"image\/webp","filesize":28594,"source_url":"https:\/\/www.tattooformentera.com\/wp-content\/uploads\/2023\/08\/tattoo-studio-artists-3-500x479.webp"}}},"alt_text":"","url":"","target":""},{"id":3358,"title":"tattoo-studio-artists-2","caption":"","full_image_url":"https:\/\/www.tattooformentera.com\/wp-content\/uploads\/2023\/08\/tattoo-studio-artists-2.webp","thumbnail_image_url":"https:\/\/www.tattooformentera.com\/wp-content\/uploads\/2023\/08\/tattoo-studio-artists-2-150x150.webp","large_srcset":"https:\/\/www.tattooformentera.com\/wp-content\/uploads\/2023\/08\/tattoo-studio-artists-2.webp 354w, https:\/\/www.tattooformentera.com\/wp-content\/uploads\/2023\/08\/tattoo-studio-artists-2-201x300.webp 201w","medium_srcset":"https:\/\/www.tattooformentera.com\/wp-content\/uploads\/2023\/08\/tattoo-studio-artists-2-201x300.webp 201w, https:\/\/www.tattooformentera.com\/wp-content\/uploads\/2023\/08\/tattoo-studio-artists-2.webp 354w","media_details":{"width":354,"height":528,"sizes":{"medium":{"file":"tattoo-studio-artists-2-201x300.webp","width":201,"height":300,"mime-type":"image\/webp","filesize":14794,"source_url":"https:\/\/www.tattooformentera.com\/wp-content\/uploads\/2023\/08\/tattoo-studio-artists-2-201x300.webp"},"thumbnail":{"file":"tattoo-studio-artists-2-150x150.webp","width":150,"height":150,"mime-type":"image\/webp","filesize":7488,"source_url":"https:\/\/www.tattooformentera.com\/wp-content\/uploads\/2023\/08\/tattoo-studio-artists-2-150x150.webp"},"img_1920x400":{"file":"tattoo-studio-artists-2-354x400.webp","width":354,"height":400,"mime-type":"image\/webp","filesize":21092,"source_url":"https:\/\/www.tattooformentera.com\/wp-content\/uploads\/2023\/08\/tattoo-studio-artists-2-354x400.webp"}}},"alt_text":"","url":"","target":""},{"id":3356,"title":"tattoo-studio-artists-1","caption":"","full_image_url":"https:\/\/www.tattooformentera.com\/wp-content\/uploads\/2023\/08\/tattoo-studio-artists-1.webp","thumbnail_image_url":"https:\/\/www.tattooformentera.com\/wp-content\/uploads\/2023\/08\/tattoo-studio-artists-1-150x150.webp","large_srcset":"https:\/\/www.tattooformentera.com\/wp-content\/uploads\/2023\/08\/tattoo-studio-artists-1.webp 424w, https:\/\/www.tattooformentera.com\/wp-content\/uploads\/2023\/08\/tattoo-studio-artists-1-221x300.webp 221w","medium_srcset":"https:\/\/www.tattooformentera.com\/wp-content\/uploads\/2023\/08\/tattoo-studio-artists-1-221x300.webp 221w, https:\/\/www.tattooformentera.com\/wp-content\/uploads\/2023\/08\/tattoo-studio-artists-1.webp 424w","media_details":{"width":424,"height":576,"sizes":{"medium":{"file":"tattoo-studio-artists-1-221x300.webp","width":221,"height":300,"mime-type":"image\/webp","filesize":8392,"source_url":"https:\/\/www.tattooformentera.com\/wp-content\/uploads\/2023\/08\/tattoo-studio-artists-1-221x300.webp"},"thumbnail":{"file":"tattoo-studio-artists-1-150x150.webp","width":150,"height":150,"mime-type":"image\/webp","filesize":4200,"source_url":"https:\/\/www.tattooformentera.com\/wp-content\/uploads\/2023\/08\/tattoo-studio-artists-1-150x150.webp"},"img_1920x400":{"file":"tattoo-studio-artists-1-424x400.webp","width":424,"height":400,"mime-type":"image\/webp","filesize":11304,"source_url":"https:\/\/www.tattooformentera.com\/wp-content\/uploads\/2023\/08\/tattoo-studio-artists-1-424x400.webp"}}},"alt_text":"","url":"","target":""}]]}},"aioseo_notices":[],"_links":{"self":[{"href":"https:\/\/www.tattooformentera.com\/es\/wp-json\/wp\/v2\/pages\/3525","targetHints":{"allow":["GET"]}}],"collection":[{"href":"https:\/\/www.tattooformentera.com\/es\/wp-json\/wp\/v2\/pages"}],"about":[{"href":"https:\/\/www.tattooformentera.com\/es\/wp-json\/wp\/v2\/types\/page"}],"author":[{"embeddable":true,"href":"https:\/\/www.tattooformentera.com\/es\/wp-json\/wp\/v2\/users\/1"}],"replies":[{"embeddable":true,"href":"https:\/\/www.tattooformentera.com\/es\/wp-json\/wp\/v2\/comments?post=3525"}],"version-history":[{"count":2,"href":"https:\/\/www.tattooformentera.com\/es\/wp-json\/wp\/v2\/pages\/3525\/revisions"}],"predecessor-version":[{"id":3527,"href":"https:\/\/www.tattooformentera.com\/es\/wp-json\/wp\/v2\/pages\/3525\/revisions\/3527"}],"wp:attachment":[{"href":"https:\/\/www.tattooformentera.com\/es\/wp-json\/wp\/v2\/media?parent=3525"}],"curies":[{"name":"wp","href":"https:\/\/api.w.org\/{rel}","templated":true}]}}