{"id":3493,"date":"2023-08-22T23:39:17","date_gmt":"2023-08-22T21:39:17","guid":{"rendered":"https:\/\/www.tattooformentera.com\/tattoo-muehlhausen\/"},"modified":"2026-01-29T00:41:29","modified_gmt":"2026-01-28T23:41:29","slug":"tattoo-muehlhausen","status":"publish","type":"page","link":"https:\/\/www.tattooformentera.com\/es\/","title":{"rendered":"Tatuajes Formentera"},"content":{"rendered":"\r\n<p>Desde 2015, nuestro Tattoo Lounge es la prueba de nuestro incansable compromiso con el oficio. \u00bfNuestra tarea principal? Dar vida a sus conceptos de tatuaje. M\u00e1s all\u00e1 de la superficie, entendemos que los tatuajes son m\u00e1s que una mera apariencia; es un lenguaje de autoexpresi\u00f3n, un tapiz que teje tu personalidad, una profunda obra de arte. Ahora tambi\u00e9n novedad en nuestro estudio de tatuajes en Formentera.<\/p>\r\n","protected":false},"excerpt":{"rendered":"<p>Desde 2015, nuestro Tattoo Lounge es la prueba de nuestro incansable compromiso con el oficio. \u00bfNuestra tarea principal? Dar vida a sus conceptos de tatuaje. M\u00e1s all\u00e1 de la superficie, entendemos que los tatuajes son m\u00e1s que una mera apariencia; es un lenguaje de autoexpresi\u00f3n, un tapiz que teje tu personalidad, una profunda obra de &hellip; <a href=\"https:\/\/www.tattooformentera.com\/es\/\" class=\"more-link\">Continue reading<span class=\"screen-reader-text\"> \u00abTatuajes Formentera\u00bb<\/span><\/a><\/p>\n","protected":false},"author":1,"featured_media":1872,"parent":0,"menu_order":0,"comment_status":"closed","ping_status":"closed","template":"","meta":{"_acf_changed":false,"footnotes":""},"class_list":["post-3493","page","type-page","status-publish","has-post-thumbnail","hentry"],"acf":[],"aioseo_notices":[],"_links":{"self":[{"href":"https:\/\/www.tattooformentera.com\/es\/wp-json\/wp\/v2\/pages\/3493","targetHints":{"allow":["GET"]}}],"collection":[{"href":"https:\/\/www.tattooformentera.com\/es\/wp-json\/wp\/v2\/pages"}],"about":[{"href":"https:\/\/www.tattooformentera.com\/es\/wp-json\/wp\/v2\/types\/page"}],"author":[{"embeddable":true,"href":"https:\/\/www.tattooformentera.com\/es\/wp-json\/wp\/v2\/users\/1"}],"replies":[{"embeddable":true,"href":"https:\/\/www.tattooformentera.com\/es\/wp-json\/wp\/v2\/comments?post=3493"}],"version-history":[{"count":7,"href":"https:\/\/www.tattooformentera.com\/es\/wp-json\/wp\/v2\/pages\/3493\/revisions"}],"predecessor-version":[{"id":4021,"href":"https:\/\/www.tattooformentera.com\/es\/wp-json\/wp\/v2\/pages\/3493\/revisions\/4021"}],"wp:featuredmedia":[{"embeddable":true,"href":"https:\/\/www.tattooformentera.com\/es\/wp-json\/wp\/v2\/media\/1872"}],"wp:attachment":[{"href":"https:\/\/www.tattooformentera.com\/es\/wp-json\/wp\/v2\/media?parent=3493"}],"curies":[{"name":"wp","href":"https:\/\/api.w.org\/{rel}","templated":true}]}}